{"id":27505,"date":"2024-06-21T06:56:52","date_gmt":"2024-06-21T06:56:52","guid":{"rendered":"https:\/\/sysinn.net\/spesialistipsykiatri\/?page_id=27505"},"modified":"2025-07-22T10:38:27","modified_gmt":"2025-07-22T10:38:27","slug":"bestill-time","status":"publish","type":"page","link":"https:\/\/sysinn.net\/spesialistipsykiatri.no\/bestill-time\/","title":{"rendered":"Bestill Time"},"content":{"rendered":"\t\t<div data-elementor-type=\"wp-page\" data-elementor-id=\"27505\" class=\"elementor elementor-27505\" data-elementor-settings=\"{&quot;ha_cmc_init_switcher&quot;:&quot;no&quot;}\" data-elementor-post-type=\"page\">\n\t\t\t\t<div class=\"elementor-element elementor-element-869378b e-flex e-con-boxed e-con e-parent\" data-id=\"869378b\" data-element_type=\"container\" data-settings=\"{&quot;_ha_eqh_enable&quot;:false}\">\n\t\t\t\t\t<div class=\"e-con-inner\">\n\t\t\t\t<div class=\"elementor-element elementor-element-b51b3a8 elementor-widget__width-inherit elementor-widget elementor-widget-html\" data-id=\"b51b3a8\" data-element_type=\"widget\" data-widget_type=\"html.default\">\n\t\t\t\t<div class=\"elementor-widget-container\">\n\t\t\t\t\t<iframe class=\"content-loading\" src=\"https:\/\/timebestilling.aspit.no\/#\/p4385\/\">\r\n  <p>Your browser does not support iframes.<\/p>\r\n<\/iframe>\t\t\t\t<\/div>\n\t\t\t\t<\/div>\n\t\t\t\t\t<\/div>\n\t\t\t\t<\/div>\n\t\t<div class=\"elementor-element elementor-element-9bb4b41 e-flex e-con-boxed e-con e-parent\" data-id=\"9bb4b41\" data-element_type=\"container\" data-settings=\"{&quot;_ha_eqh_enable&quot;:false}\">\n\t\t\t\t\t<div class=\"e-con-inner\">\n\t\t\t\t<div class=\"elementor-element elementor-element-7411714 elementor-widget elementor-widget-heading\" data-id=\"7411714\" data-element_type=\"widget\" data-widget_type=\"heading.default\">\n\t\t\t\t<div class=\"elementor-widget-container\">\n\t\t\t\t\t<h2 class=\"elementor-heading-title elementor-size-default\"><a href=\"https:\/\/sysinn.net\/spesialistipsykiatri.no\/priser\/\"><a style=\"text-decoration: none;color: inherit\" href=\"https:\/\/sysinn.net\/spesialistipsykiatri.no\/priser\/\" target=\"_blank\" rel=\"noopener\">Psykiater priser<\/a><\/a><\/h2>\t\t\t\t<\/div>\n\t\t\t\t<\/div>\n\t\t\t\t<div class=\"elementor-element elementor-element-55ef172 elementor-widget elementor-widget-heading\" data-id=\"55ef172\" data-element_type=\"widget\" data-widget_type=\"heading.default\">\n\t\t\t\t<div class=\"elementor-widget-container\">\n\t\t\t\t\t<h2 class=\"elementor-heading-title elementor-size-default\">Ikke avlyste timer \/ Uteblivelser belastes fullt:<\/h2>\t\t\t\t<\/div>\n\t\t\t\t<\/div>\n\t\t\t\t<div class=\"elementor-element elementor-element-adada88 elementor-widget elementor-widget-text-editor\" data-id=\"adada88\" data-element_type=\"widget\" data-widget_type=\"text-editor.default\">\n\t\t\t\t<div class=\"elementor-widget-container\">\n\t\t\t\t\t\t\t\t\tTimen som avlyses minst 48 timer \/ 2 virkedager f\u00f8r start, vil ikke faktureres. Du kan fint g\u00e5 til v\u00e5r booking side, velge \u00abMin Side\u00bb og avbestille timen selv, eller sende en epost eller sms (til\u00a0<span;\">94 05 55 55<\/span>) eller bruker v\u00e5r kontakt skjema, s\u00e5 ordner vi resten. Timer som ikke avlyses minst 48 timer f\u00f8r start, eller hvor klienten uteblir vil faktureres full pris. Timer p\u00e5 mandager m\u00e5 avbestilles senest klokken 12 torsdagen f\u00f8r, og timer p\u00e5 tirsdager m\u00e5 avbestilles senest klokken 12 fredagen f\u00f8r konsultasjonstidspunktet.\t\t\t\t\t\t\t\t<\/div>\n\t\t\t\t<\/div>\n\t\t\t\t\t<\/div>\n\t\t\t\t<\/div>\n\t\t<div class=\"elementor-element elementor-element-c325089 e-flex e-con-boxed e-con e-parent\" data-id=\"c325089\" data-element_type=\"container\" data-settings=\"{&quot;_ha_eqh_enable&quot;:false}\">\n\t\t\t\t\t<div class=\"e-con-inner\">\n\t\t\t\t<div class=\"elementor-element elementor-element-9089ee7 elementor-widget elementor-widget-heading\" data-id=\"9089ee7\" data-element_type=\"widget\" data-widget_type=\"heading.default\">\n\t\t\t\t<div class=\"elementor-widget-container\">\n\t\t\t\t\t<h2 class=\"elementor-heading-title elementor-size-default\">Betalingsm\u00e5ter<\/h2>\t\t\t\t<\/div>\n\t\t\t\t<\/div>\n\t\t\t\t<div class=\"elementor-element elementor-element-83b0d13 elementor-widget elementor-widget-text-editor\" data-id=\"83b0d13\" data-element_type=\"widget\" data-widget_type=\"text-editor.default\">\n\t\t\t\t<div class=\"elementor-widget-container\">\n\t\t\t\t\t\t\t\t\t<p>Det er fult mulig \u00e5 betale hos oss med Vipps eller Kortbetaling. Pasienten mottar en SMS p\u00e5 sin mobil etter endt behandling med en lenke til betalingsside. Her har pasient mulighet til \u00e5 velge \u00e5 betale med Kort, Vipps eller faktura. Hvis pasienten glemmer, eller ikke velger \u00e5 g\u00e5 inn p\u00e5 denne linken, vil det automatisk genereres en faktura etter 48 timer. Faktura kostnad kommer da i tillegg. Bedrifter\/Institusjoner\/ Nav\/ Arbeidsgiver\/ Forsikringsselskap o.l vil som regel f\u00e5 en faktura<\/p>\t\t\t\t\t\t\t\t<\/div>\n\t\t\t\t<\/div>\n\t\t\t\t\t<\/div>\n\t\t\t\t<\/div>\n\t\t\t\t<\/div>\n\t\t","protected":false},"excerpt":{"rendered":"<p>Your browser does not support iframes. Psykiater priser Ikke avlyste timer \/ Uteblivelser belastes fullt: Timen som avlyses minst 48 [&hellip;]<\/p>\n","protected":false},"author":2,"featured_media":0,"parent":0,"menu_order":0,"comment_status":"closed","ping_status":"closed","template":"","meta":{"_acf_changed":false,"site-sidebar-layout":"no-sidebar","site-content-layout":"","ast-site-content-layout":"full-width-container","site-content-style":"default","site-sidebar-style":"default","ast-global-header-display":"","ast-banner-title-visibility":"","ast-main-header-display":"","ast-hfb-above-header-display":"","ast-hfb-below-header-display":"","ast-hfb-mobile-header-display":"","site-post-title":"disabled","ast-breadcrumbs-content":"","ast-featured-img":"disabled","footer-sml-layout":"","ast-disable-related-posts":"","theme-transparent-header-meta":"","adv-header-id-meta":"","stick-header-meta":"","header-above-stick-meta":"","header-main-stick-meta":"","header-below-stick-meta":"","astra-migrate-meta-layouts":"default","ast-page-background-enabled":"default","ast-page-background-meta":{"desktop":{"background-color":"var(--ast-global-color-4)","background-image":"","background-repeat":"repeat","background-position":"center center","background-size":"auto","background-attachment":"scroll","background-type":"","background-media":"","overlay-type":"","overlay-color":"","overlay-opacity":"","overlay-gradient":""},"tablet":{"background-color":"","background-image":"","background-repeat":"repeat","background-position":"center center","background-size":"auto","background-attachment":"scroll","background-type":"","background-media":"","overlay-type":"","overlay-color":"","overlay-opacity":"","overlay-gradient":""},"mobile":{"background-color":"","background-image":"","background-repeat":"repeat","background-position":"center center","background-size":"auto","background-attachment":"scroll","background-type":"","background-media":"","overlay-type":"","overlay-color":"","overlay-opacity":"","overlay-gradient":""}},"ast-content-background-meta":{"desktop":{"background-color":"var(--ast-global-color-5)","background-image":"","background-repeat":"repeat","background-position":"center center","background-size":"auto","background-attachment":"scroll","background-type":"","background-media":"","overlay-type":"","overlay-color":"","overlay-opacity":"","overlay-gradient":""},"tablet":{"background-color":"var(--ast-global-color-5)","background-image":"","background-repeat":"repeat","background-position":"center center","background-size":"auto","background-attachment":"scroll","background-type":"","background-media":"","overlay-type":"","overlay-color":"","overlay-opacity":"","overlay-gradient":""},"mobile":{"background-color":"var(--ast-global-color-5)","background-image":"","background-repeat":"repeat","background-position":"center center","background-size":"auto","background-attachment":"scroll","background-type":"","background-media":"","overlay-type":"","overlay-color":"","overlay-opacity":"","overlay-gradient":""}},"footnotes":""},"class_list":["post-27505","page","type-page","status-publish","hentry"],"acf":[],"yoast_head":"<!-- This site is optimized with the Yoast SEO Premium plugin v22.9 (Yoast SEO v26.6) - https:\/\/yoast.com\/wordpress\/plugins\/seo\/ -->\n<title>Bestill Time<\/title>\n<meta name=\"description\" content=\"Bestill time hos v\u00e5r spesialist i psykiatri for profesjonell og personlig tilpasset behandling. Enkel online booking og rask tilgang til ekspertomsorg.\" \/>\n<meta name=\"robots\" content=\"noindex, follow, max-snippet:-1, max-image-preview:large, max-video-preview:-1\" \/>\n<meta property=\"og:locale\" content=\"nb_NO\" \/>\n<meta property=\"og:type\" content=\"article\" \/>\n<meta property=\"og:title\" content=\"Bestill Time\" \/>\n<meta property=\"og:description\" content=\"Bestill time hos v\u00e5r spesialist i psykiatri for profesjonell og personlig tilpasset behandling. Enkel online booking og rask tilgang til ekspertomsorg.\" \/>\n<meta property=\"og:url\" content=\"https:\/\/sysinn.net\/spesialistipsykiatri.no\/bestill-time\/\" \/>\n<meta property=\"og:site_name\" content=\"Spesialist i psykiatri\" \/>\n<meta property=\"article:modified_time\" content=\"2025-07-22T10:38:27+00:00\" \/>\n<meta name=\"twitter:card\" content=\"summary_large_image\" \/>\n<meta name=\"twitter:label1\" content=\"Ansl. lesetid\" \/>\n\t<meta name=\"twitter:data1\" content=\"1 minutt\" \/>\n<script type=\"application\/ld+json\" class=\"yoast-schema-graph\">{\"@context\":\"https:\/\/schema.org\",\"@graph\":[{\"@type\":\"WebPage\",\"@id\":\"https:\/\/sysinn.net\/spesialistipsykiatri.no\/bestill-time\/\",\"url\":\"https:\/\/sysinn.net\/spesialistipsykiatri.no\/bestill-time\/\",\"name\":\"Bestill Time\",\"isPartOf\":{\"@id\":\"https:\/\/sysinn.net\/spesialistipsykiatri.no\/#website\"},\"datePublished\":\"2024-06-21T06:56:52+00:00\",\"dateModified\":\"2025-07-22T10:38:27+00:00\",\"description\":\"Bestill time hos v\u00e5r spesialist i psykiatri for profesjonell og personlig tilpasset behandling. Enkel online booking og rask tilgang til ekspertomsorg.\",\"breadcrumb\":{\"@id\":\"https:\/\/sysinn.net\/spesialistipsykiatri.no\/bestill-time\/#breadcrumb\"},\"inLanguage\":\"nb-NO\",\"potentialAction\":[{\"@type\":\"ReadAction\",\"target\":[\"https:\/\/sysinn.net\/spesialistipsykiatri.no\/bestill-time\/\"]}]},{\"@type\":\"BreadcrumbList\",\"@id\":\"https:\/\/sysinn.net\/spesialistipsykiatri.no\/bestill-time\/#breadcrumb\",\"itemListElement\":[{\"@type\":\"ListItem\",\"position\":1,\"name\":\"Hjem\",\"item\":\"https:\/\/sysinn.net\/spesialistipsykiatri.no\/\"},{\"@type\":\"ListItem\",\"position\":2,\"name\":\"Bestill Time\"}]},{\"@type\":\"WebSite\",\"@id\":\"https:\/\/sysinn.net\/spesialistipsykiatri.no\/#website\",\"url\":\"https:\/\/sysinn.net\/spesialistipsykiatri.no\/\",\"name\":\"Spesialist i psykiatri\",\"description\":\"Spesialist i psykiatri\",\"publisher\":{\"@id\":\"https:\/\/sysinn.net\/spesialistipsykiatri.no\/#organization\"},\"potentialAction\":[{\"@type\":\"SearchAction\",\"target\":{\"@type\":\"EntryPoint\",\"urlTemplate\":\"https:\/\/sysinn.net\/spesialistipsykiatri.no\/?s={search_term_string}\"},\"query-input\":{\"@type\":\"PropertyValueSpecification\",\"valueRequired\":true,\"valueName\":\"search_term_string\"}}],\"inLanguage\":\"nb-NO\"},{\"@type\":\"Organization\",\"@id\":\"https:\/\/sysinn.net\/spesialistipsykiatri.no\/#organization\",\"name\":\"Spesialist i psykiatri\",\"url\":\"https:\/\/sysinn.net\/spesialistipsykiatri.no\/\",\"logo\":{\"@type\":\"ImageObject\",\"inLanguage\":\"nb-NO\",\"@id\":\"https:\/\/sysinn.net\/spesialistipsykiatri.no\/#\/schema\/logo\/image\/\",\"url\":\"https:\/\/sysinn.net\/spesialistipsykiatri.no\/wp-content\/uploads\/2024\/05\/sp-logo.webp\",\"contentUrl\":\"https:\/\/sysinn.net\/spesialistipsykiatri.no\/wp-content\/uploads\/2024\/05\/sp-logo.webp\",\"width\":208,\"height\":64,\"caption\":\"Spesialist i psykiatri\"},\"image\":{\"@id\":\"https:\/\/sysinn.net\/spesialistipsykiatri.no\/#\/schema\/logo\/image\/\"}}]}<\/script>\n<!-- \/ Yoast SEO Premium plugin. -->","yoast_head_json":{"title":"Bestill Time","description":"Bestill time hos v\u00e5r spesialist i psykiatri for profesjonell og personlig tilpasset behandling. Enkel online booking og rask tilgang til ekspertomsorg.","robots":{"index":"noindex","follow":"follow","max-snippet":"max-snippet:-1","max-image-preview":"max-image-preview:large","max-video-preview":"max-video-preview:-1"},"og_locale":"nb_NO","og_type":"article","og_title":"Bestill Time","og_description":"Bestill time hos v\u00e5r spesialist i psykiatri for profesjonell og personlig tilpasset behandling. Enkel online booking og rask tilgang til ekspertomsorg.","og_url":"https:\/\/sysinn.net\/spesialistipsykiatri.no\/bestill-time\/","og_site_name":"Spesialist i psykiatri","article_modified_time":"2025-07-22T10:38:27+00:00","twitter_card":"summary_large_image","twitter_misc":{"Ansl. lesetid":"1 minutt"},"schema":{"@context":"https:\/\/schema.org","@graph":[{"@type":"WebPage","@id":"https:\/\/sysinn.net\/spesialistipsykiatri.no\/bestill-time\/","url":"https:\/\/sysinn.net\/spesialistipsykiatri.no\/bestill-time\/","name":"Bestill Time","isPartOf":{"@id":"https:\/\/sysinn.net\/spesialistipsykiatri.no\/#website"},"datePublished":"2024-06-21T06:56:52+00:00","dateModified":"2025-07-22T10:38:27+00:00","description":"Bestill time hos v\u00e5r spesialist i psykiatri for profesjonell og personlig tilpasset behandling. Enkel online booking og rask tilgang til ekspertomsorg.","breadcrumb":{"@id":"https:\/\/sysinn.net\/spesialistipsykiatri.no\/bestill-time\/#breadcrumb"},"inLanguage":"nb-NO","potentialAction":[{"@type":"ReadAction","target":["https:\/\/sysinn.net\/spesialistipsykiatri.no\/bestill-time\/"]}]},{"@type":"BreadcrumbList","@id":"https:\/\/sysinn.net\/spesialistipsykiatri.no\/bestill-time\/#breadcrumb","itemListElement":[{"@type":"ListItem","position":1,"name":"Hjem","item":"https:\/\/sysinn.net\/spesialistipsykiatri.no\/"},{"@type":"ListItem","position":2,"name":"Bestill Time"}]},{"@type":"WebSite","@id":"https:\/\/sysinn.net\/spesialistipsykiatri.no\/#website","url":"https:\/\/sysinn.net\/spesialistipsykiatri.no\/","name":"Spesialist i psykiatri","description":"Spesialist i psykiatri","publisher":{"@id":"https:\/\/sysinn.net\/spesialistipsykiatri.no\/#organization"},"potentialAction":[{"@type":"SearchAction","target":{"@type":"EntryPoint","urlTemplate":"https:\/\/sysinn.net\/spesialistipsykiatri.no\/?s={search_term_string}"},"query-input":{"@type":"PropertyValueSpecification","valueRequired":true,"valueName":"search_term_string"}}],"inLanguage":"nb-NO"},{"@type":"Organization","@id":"https:\/\/sysinn.net\/spesialistipsykiatri.no\/#organization","name":"Spesialist i psykiatri","url":"https:\/\/sysinn.net\/spesialistipsykiatri.no\/","logo":{"@type":"ImageObject","inLanguage":"nb-NO","@id":"https:\/\/sysinn.net\/spesialistipsykiatri.no\/#\/schema\/logo\/image\/","url":"https:\/\/sysinn.net\/spesialistipsykiatri.no\/wp-content\/uploads\/2024\/05\/sp-logo.webp","contentUrl":"https:\/\/sysinn.net\/spesialistipsykiatri.no\/wp-content\/uploads\/2024\/05\/sp-logo.webp","width":208,"height":64,"caption":"Spesialist i psykiatri"},"image":{"@id":"https:\/\/sysinn.net\/spesialistipsykiatri.no\/#\/schema\/logo\/image\/"}}]}},"_links":{"self":[{"href":"https:\/\/sysinn.net\/spesialistipsykiatri.no\/wp-json\/wp\/v2\/pages\/27505","targetHints":{"allow":["GET"]}}],"collection":[{"href":"https:\/\/sysinn.net\/spesialistipsykiatri.no\/wp-json\/wp\/v2\/pages"}],"about":[{"href":"https:\/\/sysinn.net\/spesialistipsykiatri.no\/wp-json\/wp\/v2\/types\/page"}],"author":[{"embeddable":true,"href":"https:\/\/sysinn.net\/spesialistipsykiatri.no\/wp-json\/wp\/v2\/users\/2"}],"replies":[{"embeddable":true,"href":"https:\/\/sysinn.net\/spesialistipsykiatri.no\/wp-json\/wp\/v2\/comments?post=27505"}],"version-history":[{"count":0,"href":"https:\/\/sysinn.net\/spesialistipsykiatri.no\/wp-json\/wp\/v2\/pages\/27505\/revisions"}],"wp:attachment":[{"href":"https:\/\/sysinn.net\/spesialistipsykiatri.no\/wp-json\/wp\/v2\/media?parent=27505"}],"curies":[{"name":"wp","href":"https:\/\/api.w.org\/{rel}","templated":true}]}}